{"id":16,"date":"2026-04-09T08:28:11","date_gmt":"2026-04-09T08:28:11","guid":{"rendered":"https:\/\/open88m.io\/?page_id=16"},"modified":"2026-04-09T09:16:22","modified_gmt":"2026-04-09T09:16:22","slug":"trang-chu","status":"publish","type":"page","link":"https:\/\/open88m.io\/","title":{"rendered":"trang ch\u1ee7"},"content":{"rendered":"<div class=\"slider-wrapper relative\" id=\"slider-550158648\" >\n    <div class=\"slider slider-nav-circle slider-nav-large slider-nav-light slider-style-normal\"\n        data-flickity-options='{\n            \"cellAlign\": \"center\",\n            \"imagesLoaded\": true,\n            \"lazyLoad\": 1,\n            \"freeScroll\": false,\n            \"wrapAround\": true,\n            \"autoPlay\": 6000,\n            \"pauseAutoPlayOnHover\" : true,\n            \"prevNextButtons\": true,\n            \"contain\" : true,\n            \"adaptiveHeight\" : true,\n            \"dragThreshold\" : 10,\n            \"percentPosition\": true,\n            \"pageDots\": true,\n            \"rightToLeft\": false,\n            \"draggable\": true,\n            \"selectedAttraction\": 0.1,\n            \"parallax\" : 0,\n            \"friction\": 0.6        }'\n        >\n        \n\t<div class=\"img has-hover x md-x lg-x y md-y lg-y\" id=\"image_1816881354\">\n\t\t\t\t\t\t\t\t<div class=\"img-inner dark\" >\n\t\t\t<img loading=\"lazy\" decoding=\"async\" width=\"1920\" height=\"550\" src=\"https:\/\/open88m.io\/wp-content\/uploads\/2026\/04\/1920x550-OPEN88.webp\" class=\"attachment-original size-original\" alt=\"banner open88\" srcset=\"https:\/\/open88m.io\/wp-content\/uploads\/2026\/04\/1920x550-OPEN88.webp 1920w, https:\/\/open88m.io\/wp-content\/uploads\/2026\/04\/1920x550-OPEN88-300x86.webp 300w, https:\/\/open88m.io\/wp-content\/uploads\/2026\/04\/1920x550-OPEN88-1024x293.webp 1024w, https:\/\/open88m.io\/wp-content\/uploads\/2026\/04\/1920x550-OPEN88-768x220.webp 768w, https:\/\/open88m.io\/wp-content\/uploads\/2026\/04\/1920x550-OPEN88-1536x440.webp 1536w\" sizes=\"auto, (max-width: 1920px) 100vw, 1920px\" \/>\t\t\t\t\t\t\n\t\t\t\t\t<\/div>\n\t\t\t\t\t\t\t\t\n<style>\n#image_1816881354 {\n  width: 100%;\n}\n<\/style>\n\t<\/div>\n\t\n     <\/div>\n\n     <div class=\"loading-spin dark large centered\"><\/div>\n\n\t<\/div>\n\n\n<div class=\"container section-title-container\" ><h1 class=\"section-title section-title-center\"><b><\/b><span class=\"section-title-main\" >OPEN88 - TRANG CH\u1ee6 OPEN88.COM CH\u00cdNH TH\u1ee8C CASINO UY T\u00cdN TOP#1<\/span><b><\/b><\/h1><\/div>\n<div class=\"row\"  id=\"row-1148216250\">\n\n\t<div id=\"col-566418402\" class=\"col medium-3 small-6 large-3\"  >\n\t\t\t\t<div class=\"col-inner\"  >\n\t\t\t\n\t\t\t\n\t<div class=\"img has-hover x md-x lg-x y md-y lg-y\" id=\"image_641450308\">\n\t\t\t\t\t\t\t\t<div class=\"img-inner dark\" >\n\t\t\t<img loading=\"lazy\" decoding=\"async\" width=\"250\" height=\"355\" src=\"https:\/\/open88m.io\/wp-content\/uploads\/2026\/04\/250x355-FAV4.webp\" class=\"attachment-large size-large\" alt=\"t\u1ea3i app\" srcset=\"https:\/\/open88m.io\/wp-content\/uploads\/2026\/04\/250x355-FAV4.webp 250w, https:\/\/open88m.io\/wp-content\/uploads\/2026\/04\/250x355-FAV4-211x300.webp 211w\" sizes=\"auto, (max-width: 250px) 100vw, 250px\" \/>\t\t\t\t\t\t\n\t\t\t\t\t<\/div>\n\t\t\t\t\t\t\t\t\n<style>\n#image_641450308 {\n  width: 100%;\n}\n<\/style>\n\t<\/div>\n\t\n\t\t<\/div>\n\t\t\t\t\t<\/div>\n\n\t\n\n\t<div id=\"col-937702369\" class=\"col medium-3 small-6 large-3\"  >\n\t\t\t\t<div class=\"col-inner\"  >\n\t\t\t\n\t\t\t\n\t<div class=\"img has-hover x md-x lg-x y md-y lg-y\" id=\"image_2052943952\">\n\t\t\t\t\t\t\t\t<div class=\"img-inner dark\" >\n\t\t\t<img loading=\"lazy\" decoding=\"async\" width=\"250\" height=\"355\" src=\"https:\/\/open88m.io\/wp-content\/uploads\/2026\/04\/250x355-FAV3.webp\" class=\"attachment-large size-large\" alt=\"r\u00fat ti\u1ec1n\" srcset=\"https:\/\/open88m.io\/wp-content\/uploads\/2026\/04\/250x355-FAV3.webp 250w, https:\/\/open88m.io\/wp-content\/uploads\/2026\/04\/250x355-FAV3-211x300.webp 211w\" sizes=\"auto, (max-width: 250px) 100vw, 250px\" \/>\t\t\t\t\t\t\n\t\t\t\t\t<\/div>\n\t\t\t\t\t\t\t\t\n<style>\n#image_2052943952 {\n  width: 100%;\n}\n<\/style>\n\t<\/div>\n\t\n\t\t<\/div>\n\t\t\t\t\t<\/div>\n\n\t\n\n\t<div id=\"col-604369854\" class=\"col medium-3 small-6 large-3\"  >\n\t\t\t\t<div class=\"col-inner\"  >\n\t\t\t\n\t\t\t\n\t<div class=\"img has-hover x md-x lg-x y md-y lg-y\" id=\"image_1364966047\">\n\t\t\t\t\t\t\t\t<div class=\"img-inner dark\" >\n\t\t\t<img loading=\"lazy\" decoding=\"async\" width=\"250\" height=\"355\" src=\"https:\/\/open88m.io\/wp-content\/uploads\/2026\/04\/250x355-FAV2.webp\" class=\"attachment-large size-large\" alt=\"\u0111\u0103ng nh\u1eadp\" srcset=\"https:\/\/open88m.io\/wp-content\/uploads\/2026\/04\/250x355-FAV2.webp 250w, https:\/\/open88m.io\/wp-content\/uploads\/2026\/04\/250x355-FAV2-211x300.webp 211w\" sizes=\"auto, (max-width: 250px) 100vw, 250px\" \/>\t\t\t\t\t\t\n\t\t\t\t\t<\/div>\n\t\t\t\t\t\t\t\t\n<style>\n#image_1364966047 {\n  width: 100%;\n}\n<\/style>\n\t<\/div>\n\t\n\t\t<\/div>\n\t\t\t\t\t<\/div>\n\n\t\n\n\t<div id=\"col-1827790117\" class=\"col medium-3 small-6 large-3\"  >\n\t\t\t\t<div class=\"col-inner\"  >\n\t\t\t\n\t\t\t\n\t<div class=\"img has-hover x md-x lg-x y md-y lg-y\" id=\"image_543812217\">\n\t\t\t\t\t\t\t\t<div class=\"img-inner dark\" >\n\t\t\t<img loading=\"lazy\" decoding=\"async\" width=\"250\" height=\"355\" src=\"https:\/\/open88m.io\/wp-content\/uploads\/2026\/04\/250x355-FAV1.webp\" class=\"attachment-large size-large\" alt=\"\u0111\u0103ng k\u00fd\" srcset=\"https:\/\/open88m.io\/wp-content\/uploads\/2026\/04\/250x355-FAV1.webp 250w, https:\/\/open88m.io\/wp-content\/uploads\/2026\/04\/250x355-FAV1-211x300.webp 211w\" sizes=\"auto, (max-width: 250px) 100vw, 250px\" \/>\t\t\t\t\t\t\n\t\t\t\t\t<\/div>\n\t\t\t\t\t\t\t\t\n<style>\n#image_543812217 {\n  width: 100%;\n}\n<\/style>\n\t<\/div>\n\t\n\t\t<\/div>\n\t\t\t\t\t<\/div>\n\n\t\n<\/div>\n\t<section class=\"section\" id=\"section_2038115201\">\n\t\t<div class=\"bg section-bg fill bg-fill  bg-loaded\" >\n\n\t\t\t\n\t\t\t\n\t\t\t\n\n\t\t<\/div>\n\n\t\t\n\n\t\t<div class=\"section-content relative\">\n\t\t\t\n<div class=\"row\"  id=\"row-170036864\">\n\n\t<div id=\"col-1745798794\" class=\"col small-12 large-12\"  >\n\t\t\t\t<div class=\"col-inner\"  >\n\t\t\t\n\t\t\t\n<p><b>OPEN<\/b><b>8<\/b><b>8\u00a0<\/b>\u0111ang \u0111\u1ecbnh h\u00ecnh chu\u1ea9n m\u1ef1c m\u1edbi trong l\u0129nh v\u1ef1c c\u00e1 c\u01b0\u1ee3c tr\u1ef1c tuy\u1ebfn. Th\u01b0\u01a1ng hi\u1ec7u h\u01b0\u1edbng t\u1edbi s\u1ef1 minh b\u1ea1ch, c\u00f4ng b\u1eb1ng, th\u00e2n thi\u1ec7n trong m\u1ecdi ho\u1ea1t \u0111\u1ed9ng. N\u1ec1n t\u1ea3ng s\u1edf h\u1eefu h\u1ec7 th\u1ed1ng hi\u1ec7n \u0111\u1ea1i, d\u1ecbch v\u1ee5 ch\u1ea5t l\u01b0\u1ee3ng c\u00f9ng h\u00e0ng lo\u1ea1t ch\u01b0\u01a1ng tr\u00ecnh th\u01b0\u1edfng h\u1ea5p d\u1eabn d\u00e0nh cho h\u1ed9i vi\u00ean.<\/p>\n\t\t<\/div>\n\t\t\t\t\t<\/div>\n\n\t\n<\/div>\n\t\t<\/div>\n\n\t\t\n<style>\n#section_2038115201 {\n  padding-top: 30px;\n  padding-bottom: 30px;\n}\n<\/style>\n\t<\/section>\n\t\n<div class=\"container section-title-container\" ><h3 class=\"section-title section-title-normal\"><b><\/b><span class=\"section-title-main\" >tin t\u1ee9c c\u1eadp nh\u1eadt m\u1edbi nh\u1ea5t c\u1ee7a ch\u00fang t\u00f4i<\/span><b><\/b><\/h3><\/div>\n\n  \n    <div class=\"row large-columns-3 medium-columns-1 small-columns-1 slider row-slider slider-nav-reveal slider-nav-push\"  data-flickity-options='{\"imagesLoaded\": true, \"groupCells\": \"100%\", \"dragThreshold\" : 5, \"cellAlign\": \"left\",\"wrapAround\": true,\"prevNextButtons\": true,\"percentPosition\": true,\"pageDots\": false, \"rightToLeft\": false, \"autoPlay\" : false}' >\n\n  <div class=\"col post-item\" >\n\t\t\t<div class=\"col-inner\">\n\t\t\t\t<div class=\"box box-normal box-text-bottom box-blog-post has-hover\">\n          \t\t\t\t\t<div class=\"box-text text-center\" >\n\t\t\t\t\t<div class=\"box-text-inner blog-post-inner\">\n\n\t\t\t\t\t\n\t\t\t\t\t\t\t\t\t\t<h5 class=\"post-title is-large \">\n\t\t\t\t\t\t<a href=\"https:\/\/open88m.io\/index.php\/2026\/04\/07\/chao-moi-nguoi\/\" class=\"plain\">Ch\u00e0o t\u1ea5t c\u1ea3 m\u1ecdi ng\u01b0\u1eddi!<\/a>\n\t\t\t\t\t<\/h5>\n\t\t\t\t\t<div class=\"post-meta is-small op-8\">7 Th\u00e1ng 4, 2026<\/div>\t\t\t\t\t<div class=\"is-divider\"><\/div>\n\t\t\t\t\t\t\t\t\t\t<p class=\"from_the_blog_excerpt \">\n\t\t\t\t\t\tC\u1ea3m \u01a1n v\u00ec \u0111\u00e3 s\u1eed d\u1ee5ng WordPress. \u0110\u00e2y l\u00e0 b\u00e0i vi\u1ebft \u0111\u1ea7u ti\u00ean c\u1ee7a b\u1ea1n. [...]\t\t\t\t\t<\/p>\n\t\t\t\t\t                                            <p class=\"from_the_blog_comments uppercase is-xsmall\">\n                            1 C\u00e1c b\u00ecnh lu\u1eadn                        <\/p>\n                    \n\t\t\t\t\t\n\t\t\t\t\t\n\t\t\t\t\t<\/div>\n\t\t\t\t\t<\/div>\n\t\t\t\t\t\t\t\t\t<\/div>\n\t\t\t<\/div>\n\t\t<\/div><\/div>\n<div class=\"row\"  id=\"row-1249450299\">\n\n\t<div id=\"col-612102030\" class=\"col medium-6 small-12 large-6\"  >\n\t\t\t\t<div class=\"col-inner\"  >\n\t\t\t\n\t\t\t\n\t<div class=\"img has-hover x md-x lg-x y md-y lg-y\" id=\"image_914046176\">\n\t\t\t\t\t\t\t\t<div class=\"img-inner dark\" >\n\t\t\t<img loading=\"lazy\" decoding=\"async\" width=\"1020\" height=\"906\" src=\"https:\/\/open88m.io\/wp-content\/uploads\/2026\/04\/open88dienthoai.png\" class=\"attachment-large size-large\" alt=\"open88 \u0111i\u1ec7n tho\u1ea1i\" srcset=\"https:\/\/open88m.io\/wp-content\/uploads\/2026\/04\/open88dienthoai.png 1024w, https:\/\/open88m.io\/wp-content\/uploads\/2026\/04\/open88dienthoai-300x267.png 300w, https:\/\/open88m.io\/wp-content\/uploads\/2026\/04\/open88dienthoai-768x683.png 768w\" sizes=\"auto, (max-width: 1020px) 100vw, 1020px\" \/>\t\t\t\t\t\t\n\t\t\t\t\t<\/div>\n\t\t\t\t\t\t\t\t\n<style>\n#image_914046176 {\n  width: 100%;\n}\n<\/style>\n\t<\/div>\n\t\n\t\t<\/div>\n\t\t\t\t\t<\/div>\n\n\t\n\n\t<div id=\"col-696560950\" class=\"col medium-6 small-12 large-6\"  >\n\t\t\t\t<div class=\"col-inner\"  >\n\t\t\t\n\t\t\t\n<div class=\"row\"  id=\"row-1839791518\">\n\n\t<div id=\"col-1195765072\" class=\"col small-12 large-12\"  >\n\t\t\t\t<div class=\"col-inner\"  >\n\t\t\t\n\t\t\t\n<p style=\"text-align: center;\"><span style=\"font-size: 180%;\"><span style=\"color: #00ffff;\"><strong><span class=\"down-title1\">T\u1ea2I \u1ee8NG D\u1ee4NG<\/span><\/strong><\/span>\u00a0<strong><span class=\"down-title2\" style=\"color: #ff6600;\">OPEN88<\/span><\/strong><\/span><\/p>\n<p style=\"text-align: center;\"><span style=\"font-size: 150%; color: #00ccff;\"><strong>\u0110\u1ec3 C\u00f3 Tr\u1ea3i Nghi\u1ec7m T\u1ed1t Nh\u1ea5t<\/strong><\/span><\/p>\n\t\t<\/div>\n\t\t\t\t\t<\/div>\n\n\t\n\n\t<div id=\"col-193253285\" class=\"col medium-6 small-6 large-6\"  >\n\t\t\t\t<div class=\"col-inner\"  >\n\t\t\t\n\t\t\t\n\t<div class=\"img has-hover x md-x lg-x y md-y lg-y\" id=\"image_2061491763\">\n\t\t\t\t\t\t\t\t<div class=\"img-inner dark\" >\n\t\t\t<img loading=\"lazy\" decoding=\"async\" width=\"120\" height=\"120\" src=\"https:\/\/open88m.io\/wp-content\/uploads\/2026\/04\/taiappios.png\" class=\"attachment-original size-original\" alt=\"t\u1ea3i app ios\" \/>\t\t\t\t\t\t\n\t\t\t\t\t<\/div>\n\t\t\t\t\t\t\t\t\n<style>\n#image_2061491763 {\n  width: 100%;\n}\n<\/style>\n\t<\/div>\n\t\n<p style=\"text-align: center;\"><span style=\"font-size: 120%;\"><strong><span style=\"color: #ff6600;\">D\u00e0nh Cho IOS APP<\/span><\/strong><\/span><\/p>\n\t\t<\/div>\n\t\t\t\t\t<\/div>\n\n\t\n\n\t<div id=\"col-961719621\" class=\"col medium-6 small-6 large-6\"  >\n\t\t\t\t<div class=\"col-inner\"  >\n\t\t\t\n\t\t\t\n\t<div class=\"img has-hover x md-x lg-x y md-y lg-y\" id=\"image_706685522\">\n\t\t\t\t\t\t\t\t<div class=\"img-inner dark\" >\n\t\t\t<img loading=\"lazy\" decoding=\"async\" width=\"120\" height=\"120\" src=\"https:\/\/open88m.io\/wp-content\/uploads\/2026\/04\/taiappandroid.png\" class=\"attachment-original size-original\" alt=\"t\u1ea3i app android\" \/>\t\t\t\t\t\t\n\t\t\t\t\t<\/div>\n\t\t\t\t\t\t\t\t\n<style>\n#image_706685522 {\n  width: 100%;\n}\n<\/style>\n\t<\/div>\n\t\n<p><span style=\"color: #ff6600; font-size: 120%;\"><strong>D\u00e0nh Cho Android APP<\/strong><\/span><\/p>\n\t\t<\/div>\n\t\t\t\t\t<\/div>\n\n\t\n<\/div>\n\t\t<\/div>\n\t\t\t\t\t<\/div>\n\n\t\n<\/div>\n","protected":false},"excerpt":{"rendered":"","protected":false},"author":1,"featured_media":0,"parent":0,"menu_order":0,"comment_status":"closed","ping_status":"closed","template":"","meta":{"footnotes":""},"class_list":["post-16","page","type-page","status-publish","hentry"],"_links":{"self":[{"href":"https:\/\/open88m.io\/index.php\/wp-json\/wp\/v2\/pages\/16","targetHints":{"allow":["GET"]}}],"collection":[{"href":"https:\/\/open88m.io\/index.php\/wp-json\/wp\/v2\/pages"}],"about":[{"href":"https:\/\/open88m.io\/index.php\/wp-json\/wp\/v2\/types\/page"}],"author":[{"embeddable":true,"href":"https:\/\/open88m.io\/index.php\/wp-json\/wp\/v2\/users\/1"}],"replies":[{"embeddable":true,"href":"https:\/\/open88m.io\/index.php\/wp-json\/wp\/v2\/comments?post=16"}],"version-history":[{"count":7,"href":"https:\/\/open88m.io\/index.php\/wp-json\/wp\/v2\/pages\/16\/revisions"}],"predecessor-version":[{"id":43,"href":"https:\/\/open88m.io\/index.php\/wp-json\/wp\/v2\/pages\/16\/revisions\/43"}],"wp:attachment":[{"href":"https:\/\/open88m.io\/index.php\/wp-json\/wp\/v2\/media?parent=16"}],"curies":[{"name":"wp","href":"https:\/\/api.w.org\/{rel}","templated":true}]}}